{"id":49136,"date":"2025-06-12T11:04:28","date_gmt":"2025-06-12T09:04:28","guid":{"rendered":"https:\/\/himmlischer-duft.com\/impressum\/"},"modified":"2025-12-18T11:09:00","modified_gmt":"2025-12-18T10:09:00","slug":"impressum","status":"publish","type":"page","link":"https:\/\/himmlischer-duft.com\/el\/impressum\/","title":{"rendered":"Impressum"},"content":{"rendered":"\t\t<div data-elementor-type=\"wp-page\" data-elementor-id=\"49136\" class=\"elementor elementor-49136 elementor-49123\">\n\t\t\t\t<div class=\"elementor-element elementor-element-235d8268 e-flex e-con-boxed e-con e-parent\" data-id=\"235d8268\" data-element_type=\"container\" data-e-type=\"container\">\n\t\t\t\t\t<div class=\"e-con-inner\">\n\t\t\t\t<div class=\"elementor-element elementor-element-549def14 elementor-widget elementor-widget-text-editor\" data-id=\"549def14\" data-element_type=\"widget\" data-e-type=\"widget\" data-widget_type=\"text-editor.default\">\n\t\t\t\t<div class=\"elementor-widget-container\">\n\t\t\t\t\t\t\t\t\t<h3 data-start=\"143\" data-end=\"163\">HIMMLISCHER DUFT<\/h3>\n<p data-start=\"165\" data-end=\"232\"><strong data-start=\"165\" data-end=\"173\">Web:<\/strong><br data-start=\"173\" data-end=\"176\"><a class=\"\" href=\"http:\/\/www.himmlischer-duft.com\" target=\"_new\" rel=\"noopener\" data-start=\"176\" data-end=\"232\">http:\/\/www.himmlischer-duft.com<\/a><\/p>\n<p data-start=\"234\" data-end=\"261\"><strong data-start=\"234\" data-end=\"245\">St.Nr.:<\/strong><br data-start=\"245\" data-end=\"248\">238\/252\/70620<\/p>\n<p data-start=\"263\" data-end=\"301\"><strong data-start=\"263\" data-end=\"287\">Identifikations Nr.:<\/strong><br data-start=\"287\" data-end=\"290\">DE 235580515<\/p>\n<p data-start=\"303\" data-end=\"370\"><strong data-start=\"303\" data-end=\"336\">Firmensitz \/ Registergericht:<\/strong><br data-start=\"336\" data-end=\"339\">N\u00fcrnberg \/ Amtsgericht N\u00fcrnberg<\/p>\n<p data-start=\"372\" data-end=\"419\"><strong data-start=\"372\" data-end=\"402\">Gesch\u00e4ftsf\u00fchrer \/ Inhaber:<\/strong><br data-start=\"402\" data-end=\"405\">Samuel Beazidis<\/p>\n<p data-start=\"421\" data-end=\"472\"><strong data-start=\"421\" data-end=\"435\">Anschrift:<\/strong><br data-start=\"435\" data-end=\"438\">Sandbergstr. 11<br data-start=\"453\" data-end=\"456\">D-90419 N\u00fcrnberg<\/p>\n<p data-start=\"474\" data-end=\"509\"><strong data-start=\"474\" data-end=\"486\">Telefon:<\/strong><br data-start=\"486\" data-end=\"489\">+49 (0)911 927 62 50<\/p>\n<p data-start=\"511\" data-end=\"545\"><strong data-start=\"511\" data-end=\"522\">E-Mail:<\/strong><br data-start=\"522\" data-end=\"525\"><a class=\"cursor-pointer\" rel=\"noopener\" data-start=\"525\" data-end=\"545\">info@himmlischer-duft.com<\/a><\/p>\n<hr data-start=\"547\" data-end=\"550\">\n<p data-start=\"552\" data-end=\"647\"><strong data-start=\"552\" data-end=\"628\">Verantwortlicher im Sinne des \u00a7 10 Absatz 3 Mediendienste-Staatsvertrag:<\/strong><br data-start=\"628\" data-end=\"631\">Samuel Beazidis<\/p>\n<hr data-start=\"649\" data-end=\"652\">\n<p data-start=\"654\" data-end=\"881\"><strong data-start=\"654\" data-end=\"686\">Alternative Streitbeilegung:<\/strong><br data-start=\"686\" data-end=\"689\">Die Europ\u00e4ische Kommission stellt eine Plattform f\u00fcr die au\u00dfergerichtliche Online-Streitbeilegung (OS-Plattform) bereit, aufrufbar unter:<br data-start=\"826\" data-end=\"829\"><a class=\"\" href=\"https:\/\/ec.europa.eu\/odr\" target=\"_new\" rel=\"noopener\" data-start=\"829\" data-end=\"881\">https:\/\/ec.europa.eu\/odr<\/a><\/p>\t\t\t\t\t\t\t\t<\/div>\n\t\t\t\t<\/div>\n\t\t\t\t\t<\/div>\n\t\t\t\t<\/div>\n\t\t\t\t<\/div>\n\t\t","protected":false},"excerpt":{"rendered":"<p>HIMMLISCHER DUFT Web:http:\/\/www.himmlischer-duft.com St.Nr.:238\/252\/70620 Identifikations Nr.:DE 235580515 Firmensitz \/ Registergericht:N\u00fcrnberg \/ Amtsgericht N\u00fcrnberg Gesch\u00e4ftsf\u00fchrer \/ Inhaber:Samuel Beazidis Anschrift:Sandbergstr. 11D-90419 N\u00fcrnberg Telefon:+49 (0)911 927 62 50 E-Mail:info@himmlischer-duft.com Verantwortlicher im Sinne des \u00a7 10 Absatz 3 Mediendienste-Staatsvertrag:Samuel Beazidis Alternative Streitbeilegung:Die Europ\u00e4ische Kommission stellt eine Plattform f\u00fcr die au\u00dfergerichtliche Online-Streitbeilegung (OS-Plattform) bereit, aufrufbar unter:https:\/\/ec.europa.eu\/odr<\/p>\n","protected":false},"author":2,"featured_media":0,"parent":0,"menu_order":0,"comment_status":"closed","ping_status":"closed","template":"","meta":{"footnotes":""},"class_list":["post-49136","page","type-page","status-publish","hentry"],"_links":{"self":[{"href":"https:\/\/himmlischer-duft.com\/el\/wp-json\/wp\/v2\/pages\/49136","targetHints":{"allow":["GET"]}}],"collection":[{"href":"https:\/\/himmlischer-duft.com\/el\/wp-json\/wp\/v2\/pages"}],"about":[{"href":"https:\/\/himmlischer-duft.com\/el\/wp-json\/wp\/v2\/types\/page"}],"author":[{"embeddable":true,"href":"https:\/\/himmlischer-duft.com\/el\/wp-json\/wp\/v2\/users\/2"}],"replies":[{"embeddable":true,"href":"https:\/\/himmlischer-duft.com\/el\/wp-json\/wp\/v2\/comments?post=49136"}],"version-history":[{"count":5,"href":"https:\/\/himmlischer-duft.com\/el\/wp-json\/wp\/v2\/pages\/49136\/revisions"}],"predecessor-version":[{"id":50489,"href":"https:\/\/himmlischer-duft.com\/el\/wp-json\/wp\/v2\/pages\/49136\/revisions\/50489"}],"wp:attachment":[{"href":"https:\/\/himmlischer-duft.com\/el\/wp-json\/wp\/v2\/media?parent=49136"}],"curies":[{"name":"wp","href":"https:\/\/api.w.org\/{rel}","templated":true}]}}